{"id":8386,"date":"2024-10-03T06:25:38","date_gmt":"2024-10-03T06:25:38","guid":{"rendered":"https:\/\/dentique-co.com\/artleads\/appointment\/"},"modified":"2025-12-26T12:47:30","modified_gmt":"2025-12-26T12:47:30","slug":"appointment","status":"publish","type":"page","link":"https:\/\/dentique-co.com\/fr\/appointment\/","title":{"rendered":"Consultation Gratuite"},"content":{"rendered":"\t\t<div data-elementor-type=\"wp-page\" data-elementor-id=\"8386\" class=\"elementor elementor-8386\">\n\t\t\t\t<div class=\"elementor-element elementor-element-23078e2 e-flex e-con-boxed e-con e-parent\" data-id=\"23078e2\" data-element_type=\"container\" data-e-type=\"container\" data-settings=\"{&quot;background_background&quot;:&quot;classic&quot;}\">\n\t\t\t\t\t<div class=\"e-con-inner\">\n\t\t<div class=\"elementor-element elementor-element-cdd6eda e-con-full e-flex e-con e-child\" data-id=\"cdd6eda\" data-element_type=\"container\" data-e-type=\"container\">\n\t\t\t\t<div class=\"elementor-element elementor-element-886e58c at-heading-animation at-animation-heading-style-3 elementor-widget elementor-widget-heading\" data-id=\"886e58c\" data-element_type=\"widget\" data-e-type=\"widget\" data-settings=\"{&quot;ekit_we_effect_on&quot;:&quot;none&quot;}\" data-widget_type=\"heading.default\">\n\t\t\t\t<div class=\"elementor-widget-container\">\n\t\t\t\t\t<h1 class=\"elementor-heading-title elementor-size-default\">Consultation Gratuite en Ligne<\/h1>\t\t\t\t<\/div>\n\t\t\t\t<\/div>\n\t\t\t\t<div class=\"elementor-element elementor-element-57790c2 elementor-invisible elementor-widget elementor-widget-elementskit-breadcrumb\" data-id=\"57790c2\" data-element_type=\"widget\" data-e-type=\"widget\" data-settings=\"{&quot;_animation&quot;:&quot;fadeInUp&quot;,&quot;ekit_we_effect_on&quot;:&quot;none&quot;}\" data-widget_type=\"elementskit-breadcrumb.default\">\n\t\t\t\t<div class=\"elementor-widget-container\">\n\t\t\t\t\t<div class=\"ekit-wid-con\" ><ol class=\"ekit-breadcrumb\"><li class=\"ekit_breadcrumbs_start\"><a href=\"https:\/\/dentique-co.com\/fr\/\">Home<\/a><\/li> <li class=\"brd_sep\"><span class=\"separate_icon\"><svg xmlns=\"http:\/\/www.w3.org\/2000\/svg\" width=\"6\" height=\"11\" viewBox=\"0 0 6 11\"><path d=\"M0.47836 9.94636L2.28556 5.06251L4.09276 0.178656L5.17933 0.256117L1.56493 10.0238L0.47836 9.94636Z\" fill=\"white\"><\/path><\/svg><\/span><\/li>  <li>Consultation Gratuite<\/li><\/ol><\/div>\t\t\t\t<\/div>\n\t\t\t\t<\/div>\n\t\t\t\t<\/div>\n\t\t\t\t\t<\/div>\n\t\t\t\t<\/div>\n\t\t<div class=\"elementor-element elementor-element-079fa17 e-flex e-con-boxed e-con e-parent\" data-id=\"079fa17\" data-element_type=\"container\" data-e-type=\"container\">\n\t\t\t\t\t<div class=\"e-con-inner\">\n\t\t<div class=\"elementor-element elementor-element-6c51232 e-con-full e-flex e-con e-child\" data-id=\"6c51232\" data-element_type=\"container\" data-e-type=\"container\">\n\t\t\t\t<div class=\"elementor-element elementor-element-ff208e9 section-title at-heading-animation at-animation-heading-none elementor-invisible elementor-widget elementor-widget-heading\" data-id=\"ff208e9\" data-element_type=\"widget\" data-e-type=\"widget\" data-settings=\"{&quot;_animation&quot;:&quot;fadeInUp&quot;,&quot;ekit_we_effect_on&quot;:&quot;none&quot;}\" data-widget_type=\"heading.default\">\n\t\t\t\t<div class=\"elementor-widget-container\">\n\t\t\t\t\t<span class=\"elementor-heading-title elementor-size-default\">Formulaire de Consultation Gratuite<\/span>\t\t\t\t<\/div>\n\t\t\t\t<\/div>\n\t\t\t\t<div class=\"elementor-element elementor-element-776e8f5 at-heading-animation at-animation-heading-style-3 elementor-widget elementor-widget-heading\" data-id=\"776e8f5\" data-element_type=\"widget\" data-e-type=\"widget\" data-settings=\"{&quot;ekit_we_effect_on&quot;:&quot;none&quot;}\" data-widget_type=\"heading.default\">\n\t\t\t\t<div class=\"elementor-widget-container\">\n\t\t\t\t\t<h2 class=\"elementor-heading-title elementor-size-default\">Un accompagnement personnalis\u00e9 par nos experts dentaires, sans frais<\/h2>\t\t\t\t<\/div>\n\t\t\t\t<\/div>\n\t\t\t\t<\/div>\n\t\t<div class=\"elementor-element elementor-element-e56b4e4 e-con-full e-flex e-con e-child\" data-id=\"e56b4e4\" data-element_type=\"container\" data-e-type=\"container\">\n\t\t<div class=\"elementor-element elementor-element-3a754b5 e-con-full e-flex elementor-invisible e-con e-child\" data-id=\"3a754b5\" data-element_type=\"container\" data-e-type=\"container\" data-settings=\"{&quot;background_background&quot;:&quot;classic&quot;,&quot;animation&quot;:&quot;fadeInUp&quot;,&quot;animation_delay&quot;:100}\">\n\t\t\t\t<div class=\"elementor-element elementor-element-b3cd74d elementor-widget elementor-widget-text-editor\" data-id=\"b3cd74d\" data-element_type=\"widget\" data-e-type=\"widget\" data-settings=\"{&quot;ekit_we_effect_on&quot;:&quot;none&quot;}\" data-widget_type=\"text-editor.default\">\n\t\t\t\t<div class=\"elementor-widget-container\">\n\t\t\t\t\t\t\t\t\t<p>Remplissez le formulaire ci-dessous pour demander votre consultation gratuite. Vous recevrez un plan de traitement gratuit pr\u00e9par\u00e9 par nos dentistes, ainsi qu\u2019un devis d\u00e9taill\u00e9 incluant tous les frais relatifs \u00e0 votre s\u00e9jour m\u00e9dical.<\/p>\t\t\t\t\t\t\t\t<\/div>\n\t\t\t\t<\/div>\n\t\t\t\t<div class=\"elementor-element elementor-element-d40516b appointmentform elementor-widget elementor-widget-elementskit-contact-form7\" data-id=\"d40516b\" data-element_type=\"widget\" data-e-type=\"widget\" data-settings=\"{&quot;ekit_we_effect_on&quot;:&quot;none&quot;}\" data-widget_type=\"elementskit-contact-form7.default\">\n\t\t\t\t<div class=\"elementor-widget-container\">\n\t\t\t\t\t<div class=\"ekit-wid-con\" ><div class=\"ekit-form\">\n<div class=\"wpcf7 no-js\" id=\"wpcf7-f8413-p8386-o1\" lang=\"en-US\" dir=\"ltr\" data-wpcf7-id=\"8413\">\n<div class=\"screen-reader-response\"><p role=\"status\" aria-live=\"polite\" aria-atomic=\"true\"><\/p> <ul><\/ul><\/div>\n<form action=\"\/fr\/appointment\/#wpcf7-f8413-p8386-o1\" method=\"post\" class=\"wpcf7-form init\" aria-label=\"Contact form\" novalidate=\"novalidate\" data-status=\"init\">\n<fieldset class=\"hidden-fields-container\"><input type=\"hidden\" name=\"_wpcf7\" value=\"8413\" \/><input type=\"hidden\" name=\"_wpcf7_version\" value=\"6.1.4\" \/><input type=\"hidden\" name=\"_wpcf7_locale\" value=\"en_US\" \/><input type=\"hidden\" name=\"_wpcf7_unit_tag\" value=\"wpcf7-f8413-p8386-o1\" \/><input type=\"hidden\" name=\"_wpcf7_container_post\" value=\"8386\" \/><input type=\"hidden\" name=\"_wpcf7_posted_data_hash\" value=\"\" \/>\n<\/fieldset>\n<div class=\"row\">\n\t<div class=\"form-group col-lg-4 col-md-6 mb-4\">\n\t\t<p><span class=\"wpcf7-form-control-wrap\" data-name=\"your-name\"><input size=\"40\" maxlength=\"400\" class=\"wpcf7-form-control wpcf7-text wpcf7-validates-as-required form-control\" id=\"name\" aria-required=\"true\" aria-invalid=\"false\" placeholder=\"Votre Nom Complet\" value=\"\" type=\"text\" name=\"your-name\" \/><\/span>\n\t\t<\/p>\n\t<\/div>\n\t<div class=\"form-group col-lg-4 col-md-6 mb-4\">\n\t\t<p><span class=\"wpcf7-form-control-wrap\" data-name=\"email\"><input size=\"40\" maxlength=\"400\" class=\"wpcf7-form-control wpcf7-email wpcf7-validates-as-required wpcf7-text wpcf7-validates-as-email form-control\" id=\"email\" aria-required=\"true\" aria-invalid=\"false\" placeholder=\"Votre E-mail\" value=\"\" type=\"email\" name=\"email\" \/><\/span>\n\t\t<\/p>\n\t<\/div>\n\t<div class=\"form-group col-lg-4 col-md-6 mb-4\">\n\t\t<p><span class=\"wpcf7-form-control-wrap\" data-name=\"location\"><input size=\"40\" maxlength=\"400\" class=\"wpcf7-form-control wpcf7-text wpcf7-validates-as-required form-control\" id=\"location\" aria-required=\"true\" aria-invalid=\"false\" placeholder=\"Votre Pays\" value=\"\" type=\"text\" name=\"location\" \/><\/span>\n\t\t<\/p>\n\t<\/div>\n\t<div class=\"form-group select-field col-lg-4 col-md-6 mb-4\">\n\t\t<p><span class=\"wpcf7-form-control-wrap\" data-name=\"choosetime\"><select class=\"wpcf7-form-control wpcf7-select wpcf7-validates-as-required form-control\" id=\"choosetime\" aria-required=\"true\" aria-invalid=\"false\" name=\"choosetime\"><option value=\"\">Heure d&#039;appel souhait\u00e9e<\/option><option value=\"Matin (09:00 - 13:00)\">Matin (09:00 - 13:00)<\/option><option value=\"Apr\u00e8s-midi (13:00 - 17:00)\">Apr\u00e8s-midi (13:00 - 17:00)<\/option><option value=\"Soir (17:00 - 21:00)\">Soir (17:00 - 21:00)<\/option><\/select><\/span>\n\t\t<\/p>\n\t<\/div>\n\t<div class=\"form-group col-lg-4 col-md-6 mb-4\">\n\t\t<p><span class=\"wpcf7-form-control-wrap\" data-name=\"code\"><input size=\"40\" maxlength=\"400\" class=\"wpcf7-form-control wpcf7-text form-control\" aria-invalid=\"false\" placeholder=\"Code Pays (Tel)\" value=\"\" type=\"text\" name=\"code\" \/><\/span>\n\t\t<\/p>\n\t<\/div>\n\t<div class=\"form-group col-lg-4 col-md-6 mb-4\" >\n\t\t<p><span class=\"wpcf7-form-control-wrap\" data-name=\"phone\"><input size=\"40\" maxlength=\"400\" class=\"wpcf7-form-control wpcf7-tel wpcf7-validates-as-required wpcf7-text wpcf7-validates-as-tel\" id=\"phone\" aria-required=\"true\" aria-invalid=\"false\" placeholder=\"T\u00e9l\u00e9phone\" value=\"\" type=\"tel\" name=\"phone\" \/><\/span>\n\t\t<\/p>\n\t<\/div>\n\t<div class=\"form-group \">\n\t\t<p><span class=\"wpcf7-form-control-wrap\" data-name=\"comment\"><input size=\"40\" maxlength=\"400\" class=\"wpcf7-form-control wpcf7-text wpcf7-validates-as-required form-control\" aria-required=\"true\" aria-invalid=\"false\" placeholder=\"Votre Commentaire\" value=\"\" type=\"text\" name=\"comment\" \/><\/span>\n\t\t<\/p>\n\t<\/div>\n\t<div class=\"col-md-12 form-btn\" style=\"text-align: center !important;\">\n\t\t<p><input class=\"wpcf7-form-control wpcf7-submit has-spinner btn-default\" id=\"msgSubmit\" type=\"submit\" value=\"Demander Ma Consultation Gratuite\" \/>\n\t\t<\/p>\n\t<\/div>\n<\/div><div class=\"wpcf7-response-output\" aria-hidden=\"true\"><\/div>\n<\/form>\n<\/div>\n<\/div><\/div>\t\t\t\t<\/div>\n\t\t\t\t<\/div>\n\t\t\t\t<\/div>\n\t\t\t\t<\/div>\n\t\t\t\t\t<\/div>\n\t\t\t\t<\/div>\n\t\t\t\t<\/div>\n\t\t","protected":false},"excerpt":{"rendered":"<p>Consultation Gratuite en Ligne Home Formulaire de Consultation Gratuite Un accompagnement personnalis\u00e9 par nos experts [&hellip;]<\/p>\n","protected":false},"author":1,"featured_media":0,"parent":0,"menu_order":0,"comment_status":"closed","ping_status":"closed","template":"elementor_header_footer","meta":{"footnotes":""},"class_list":["post-8386","page","type-page","status-publish","hentry"],"yoast_head":"<!-- This site is optimized with the Yoast SEO plugin v27.2 - https:\/\/yoast.com\/product\/yoast-seo-wordpress\/ -->\n<title>Consultation Gratuite - Dentique<\/title>\n<meta name=\"robots\" content=\"index, follow, max-snippet:-1, max-image-preview:large, max-video-preview:-1\" \/>\n<link rel=\"canonical\" href=\"https:\/\/dentique-co.com\/artleads\/appointment\/\" \/>\n<meta property=\"og:locale\" content=\"fr_FR\" \/>\n<meta property=\"og:type\" content=\"article\" \/>\n<meta property=\"og:title\" content=\"Consultation Gratuite - Dentique\" \/>\n<meta property=\"og:description\" content=\"Consultation Gratuite en Ligne Home Formulaire de Consultation Gratuite Un accompagnement personnalis\u00e9 par nos experts [&hellip;]\" \/>\n<meta property=\"og:url\" content=\"https:\/\/dentique-co.com\/artleads\/appointment\/\" \/>\n<meta property=\"og:site_name\" content=\"Dentique\" \/>\n<meta property=\"article:modified_time\" content=\"2025-12-26T12:47:30+00:00\" \/>\n<meta name=\"twitter:card\" content=\"summary_large_image\" \/>\n<script type=\"application\/ld+json\" class=\"yoast-schema-graph\">{\"@context\":\"https:\/\/schema.org\",\"@graph\":[{\"@type\":\"WebPage\",\"@id\":\"https:\/\/dentique-co.com\/artleads\/appointment\/\",\"url\":\"https:\/\/dentique-co.com\/artleads\/appointment\/\",\"name\":\"Consultation Gratuite - Dentique\",\"isPartOf\":{\"@id\":\"https:\/\/dentique-co.com\/artleads\/#website\"},\"datePublished\":\"2024-10-03T06:25:38+00:00\",\"dateModified\":\"2025-12-26T12:47:30+00:00\",\"breadcrumb\":{\"@id\":\"https:\/\/dentique-co.com\/artleads\/appointment\/#breadcrumb\"},\"inLanguage\":\"fr-FR\",\"potentialAction\":[{\"@type\":\"ReadAction\",\"target\":[\"https:\/\/dentique-co.com\/artleads\/appointment\/\"]}]},{\"@type\":\"BreadcrumbList\",\"@id\":\"https:\/\/dentique-co.com\/artleads\/appointment\/#breadcrumb\",\"itemListElement\":[{\"@type\":\"ListItem\",\"position\":1,\"name\":\"Home\",\"item\":\"https:\/\/dentique-co.com\/artleads\/fr\/\"},{\"@type\":\"ListItem\",\"position\":2,\"name\":\"Consultation Gratuite\"}]},{\"@type\":\"WebSite\",\"@id\":\"https:\/\/dentique-co.com\/artleads\/#website\",\"url\":\"https:\/\/dentique-co.com\/artleads\/\",\"name\":\"Dentique\",\"description\":\"Cosmetic Dentistry in Turkey\",\"publisher\":{\"@id\":\"https:\/\/dentique-co.com\/artleads\/#organization\"},\"potentialAction\":[{\"@type\":\"SearchAction\",\"target\":{\"@type\":\"EntryPoint\",\"urlTemplate\":\"https:\/\/dentique-co.com\/artleads\/?s={search_term_string}\"},\"query-input\":{\"@type\":\"PropertyValueSpecification\",\"valueRequired\":true,\"valueName\":\"search_term_string\"}}],\"inLanguage\":\"fr-FR\"},{\"@type\":\"Organization\",\"@id\":\"https:\/\/dentique-co.com\/artleads\/#organization\",\"name\":\"Dentique\",\"url\":\"https:\/\/dentique-co.com\/artleads\/\",\"logo\":{\"@type\":\"ImageObject\",\"inLanguage\":\"fr-FR\",\"@id\":\"https:\/\/dentique-co.com\/artleads\/#\/schema\/logo\/image\/\",\"url\":\"https:\/\/dentique-co.com\/wp-content\/uploads\/2024\/10\/Dentique-Clinic-Website-Logo-Original-and-White-Version_150-x-48.74-px-White-Color-1.png\",\"contentUrl\":\"https:\/\/dentique-co.com\/wp-content\/uploads\/2024\/10\/Dentique-Clinic-Website-Logo-Original-and-White-Version_150-x-48.74-px-White-Color-1.png\",\"width\":626,\"height\":216,\"caption\":\"Dentique\"},\"image\":{\"@id\":\"https:\/\/dentique-co.com\/artleads\/#\/schema\/logo\/image\/\"}}]}<\/script>\n<!-- \/ Yoast SEO plugin. -->","yoast_head_json":{"title":"Consultation Gratuite - Dentique","robots":{"index":"index","follow":"follow","max-snippet":"max-snippet:-1","max-image-preview":"max-image-preview:large","max-video-preview":"max-video-preview:-1"},"canonical":"https:\/\/dentique-co.com\/artleads\/appointment\/","og_locale":"fr_FR","og_type":"article","og_title":"Consultation Gratuite - Dentique","og_description":"Consultation Gratuite en Ligne Home Formulaire de Consultation Gratuite Un accompagnement personnalis\u00e9 par nos experts [&hellip;]","og_url":"https:\/\/dentique-co.com\/artleads\/appointment\/","og_site_name":"Dentique","article_modified_time":"2025-12-26T12:47:30+00:00","twitter_card":"summary_large_image","schema":{"@context":"https:\/\/schema.org","@graph":[{"@type":"WebPage","@id":"https:\/\/dentique-co.com\/artleads\/appointment\/","url":"https:\/\/dentique-co.com\/artleads\/appointment\/","name":"Consultation Gratuite - Dentique","isPartOf":{"@id":"https:\/\/dentique-co.com\/artleads\/#website"},"datePublished":"2024-10-03T06:25:38+00:00","dateModified":"2025-12-26T12:47:30+00:00","breadcrumb":{"@id":"https:\/\/dentique-co.com\/artleads\/appointment\/#breadcrumb"},"inLanguage":"fr-FR","potentialAction":[{"@type":"ReadAction","target":["https:\/\/dentique-co.com\/artleads\/appointment\/"]}]},{"@type":"BreadcrumbList","@id":"https:\/\/dentique-co.com\/artleads\/appointment\/#breadcrumb","itemListElement":[{"@type":"ListItem","position":1,"name":"Home","item":"https:\/\/dentique-co.com\/artleads\/fr\/"},{"@type":"ListItem","position":2,"name":"Consultation Gratuite"}]},{"@type":"WebSite","@id":"https:\/\/dentique-co.com\/artleads\/#website","url":"https:\/\/dentique-co.com\/artleads\/","name":"Dentique","description":"Cosmetic Dentistry in Turkey","publisher":{"@id":"https:\/\/dentique-co.com\/artleads\/#organization"},"potentialAction":[{"@type":"SearchAction","target":{"@type":"EntryPoint","urlTemplate":"https:\/\/dentique-co.com\/artleads\/?s={search_term_string}"},"query-input":{"@type":"PropertyValueSpecification","valueRequired":true,"valueName":"search_term_string"}}],"inLanguage":"fr-FR"},{"@type":"Organization","@id":"https:\/\/dentique-co.com\/artleads\/#organization","name":"Dentique","url":"https:\/\/dentique-co.com\/artleads\/","logo":{"@type":"ImageObject","inLanguage":"fr-FR","@id":"https:\/\/dentique-co.com\/artleads\/#\/schema\/logo\/image\/","url":"https:\/\/dentique-co.com\/wp-content\/uploads\/2024\/10\/Dentique-Clinic-Website-Logo-Original-and-White-Version_150-x-48.74-px-White-Color-1.png","contentUrl":"https:\/\/dentique-co.com\/wp-content\/uploads\/2024\/10\/Dentique-Clinic-Website-Logo-Original-and-White-Version_150-x-48.74-px-White-Color-1.png","width":626,"height":216,"caption":"Dentique"},"image":{"@id":"https:\/\/dentique-co.com\/artleads\/#\/schema\/logo\/image\/"}}]}},"_links":{"self":[{"href":"https:\/\/dentique-co.com\/fr\/wp-json\/wp\/v2\/pages\/8386","targetHints":{"allow":["GET"]}}],"collection":[{"href":"https:\/\/dentique-co.com\/fr\/wp-json\/wp\/v2\/pages"}],"about":[{"href":"https:\/\/dentique-co.com\/fr\/wp-json\/wp\/v2\/types\/page"}],"author":[{"embeddable":true,"href":"https:\/\/dentique-co.com\/fr\/wp-json\/wp\/v2\/users\/1"}],"replies":[{"embeddable":true,"href":"https:\/\/dentique-co.com\/fr\/wp-json\/wp\/v2\/comments?post=8386"}],"version-history":[{"count":5,"href":"https:\/\/dentique-co.com\/fr\/wp-json\/wp\/v2\/pages\/8386\/revisions"}],"predecessor-version":[{"id":8419,"href":"https:\/\/dentique-co.com\/fr\/wp-json\/wp\/v2\/pages\/8386\/revisions\/8419"}],"wp:attachment":[{"href":"https:\/\/dentique-co.com\/fr\/wp-json\/wp\/v2\/media?parent=8386"}],"curies":[{"name":"wp","href":"https:\/\/api.w.org\/{rel}","templated":true}]}}